{"id":681,"date":"2021-03-18T16:16:21","date_gmt":"2021-03-18T16:16:21","guid":{"rendered":"https:\/\/enriquezarte.org\/barcelona\/?page_id=681"},"modified":"2021-03-18T18:02:04","modified_gmt":"2021-03-18T18:02:04","slug":"maria-isabel","status":"publish","type":"page","link":"https:\/\/enriquezarte.org\/barcelona\/maria-isabel\/","title":{"rendered":"Mar\u00eda Isabel"},"content":{"rendered":"<div id='welcome'  class='av-layout-grid-container entry-content-wrapper main_color av-flex-cells     avia-builder-el-0  el_before_av_layout_row  avia-builder-el-first  av-cell-min-height av-cell-min-height-100 container_wrap fullsize' style=' '   data-av_minimum_height_pc='100'>\n<div class=\"flex_cell no_margin av_one_half  avia-builder-el-1  el_before_av_cell_one_half  avia-builder-el-first   avia-full-stretch \"  style='background:url(https:\/\/enriquezarte.org\/barcelona\/wp-content\/uploads\/2021\/03\/myAvatar-2.jpg) center center no-repeat scroll; vertical-align:middle; padding:200px 0px 200px 0px ; ' ><div class='flex_cell_inner' ><\/div><\/div><div class=\"flex_cell no_margin av_one_half  avia-builder-el-2  el_after_av_cell_one_half  avia-builder-el-last   avia-full-stretch \"  style='background:url(https:\/\/enriquezarte.org\/barcelona\/wp-content\/uploads\/2017\/09\/bg.jpg) center center no-repeat scroll; vertical-align:middle; padding:50px 100px 50px 100px ; ' ><div class='flex_cell_inner' ><p><div  style='padding-bottom:0px; font-size:60px;' class='av-special-heading av-special-heading-h1  blockquote modern-quote  avia-builder-el-3  el_before_av_textblock  avia-builder-el-first  av-inherit-size '><h1 class='av-special-heading-tag '  itemprop=\"headline\"  >\u00a1Hola!<\/h1><div class='special-heading-border'><div class='special-heading-inner-border' ><\/div><\/div><\/div><br \/>\n<section class=\"av_textblock_section \"  itemscope=\"itemscope\" itemtype=\"https:\/\/schema.org\/CreativeWork\" ><div class='avia_textblock  av_inherit_color  av-mini-font-size-overwrite av-mini-font-size-16'  style='font-size:25px; color:#000000; '  itemprop=\"text\" ><p>Mi nombre es Mar\u00eda Isabel, soy una persona comunicativa y positiva con iniciativa y capacidad de empat\u00eda. Me gustar\u00eda trabajar como dependienta, cajera, proprietaria de tienda o reponedora.<\/p>\n<\/div><\/section><br \/>\n<div  style='height:10px' class='hr hr-invisible   avia-builder-el-5  el_after_av_textblock  el_before_av_button '><span class='hr-inner ' ><span class='hr-inner-style'><\/span><\/span><\/div><br \/>\n<div  class='avia-button-wrap avia-button-left  avia-builder-el-6  el_after_av_hr  avia-builder-el-last ' ><a href='#next-section'  class='avia-button   avia-icon_select-no avia-size-large avia-position-left '  style='background-color:#109bc5; border-color:#109bc5; color:#ffffff; ' ><span class='avia_iconbox_title' >Informaci\u00f3n<\/span><\/a><\/div><\/p>\n<\/div><\/div><\/div><div id='about'  class='av-layout-grid-container entry-content-wrapper main_color av-flex-cells     avia-builder-el-7  el_after_av_layout_row  el_before_av_layout_row  av-cell-min-height av-cell-min-height-100 submenu-not-first container_wrap fullsize' style=' '   data-av_minimum_height_pc='100'>\n<div class=\"flex_cell no_margin av_one_half  avia-builder-el-8  el_before_av_cell_one_half  avia-builder-el-first   avia-full-contain \"  style='background: #11abd6; vertical-align:middle; padding:70px 100px 70px 100px ; background-color:#11abd6; ' ><div class='flex_cell_inner' ><p><div  style='padding-bottom:0px; color:#ffffff;font-size:50px;' class='av-special-heading av-special-heading-h1 custom-color-heading blockquote modern-quote  avia-builder-el-9  el_before_av_hr  avia-builder-el-first  av-inherit-size '><h1 class='av-special-heading-tag '  itemprop=\"headline\"  >Habilidades<\/h1><div class='special-heading-border'><div class='special-heading-inner-border' style='border-color:#ffffff'><\/div><\/div><\/div><br \/>\n<div  style=' margin-top:30px; margin-bottom:30px;'  class='hr hr-custom hr-left hr-icon-no   avia-builder-el-10  el_after_av_heading  el_before_av_textblock '><span class='hr-inner  inner-border-av-border-fat' style=' width:50px; border-color:#ffffff;' ><span class='hr-inner-style'><\/span><\/span><\/div><br \/>\n<section class=\"av_textblock_section \"  itemscope=\"itemscope\" itemtype=\"https:\/\/schema.org\/CreativeWork\" ><div class='avia_textblock  av_inherit_color '  style='color:#ffffff; '  itemprop=\"text\" ><ul>\n<li>Comunicativa.<\/li>\n<li>Empat\u00eda.<\/li>\n<li>Atenci\u00f3n al cliente.<\/li>\n<li>Iniciativa.<\/li>\n<li>Trabajo en equipo.<\/li>\n<li>Actitud proactiva y positiva.<\/li>\n<\/ul>\n<\/div><\/section><br \/>\n<div  style='height:10px' class='hr hr-invisible   avia-builder-el-12  el_after_av_textblock  el_before_av_heading '><span class='hr-inner ' ><span class='hr-inner-style'><\/span><\/span><\/div><br \/>\n<div  style='padding-bottom:0px; color:#ffffff;font-size:50px;' class='av-special-heading av-special-heading-h1 custom-color-heading blockquote modern-quote  avia-builder-el-13  el_after_av_hr  el_before_av_hr  av-inherit-size '><h1 class='av-special-heading-tag '  itemprop=\"headline\"  >Experiencia laboral<\/h1><div class='special-heading-border'><div class='special-heading-inner-border' style='border-color:#ffffff'><\/div><\/div><\/div><br \/>\n<div  style=' margin-top:30px; margin-bottom:30px;'  class='hr hr-custom hr-left hr-icon-no   avia-builder-el-14  el_after_av_heading  el_before_av_textblock '><span class='hr-inner  inner-border-av-border-fat' style=' width:50px; border-color:#ffffff;' ><span class='hr-inner-style'><\/span><\/span><\/div><br \/>\n<section class=\"av_textblock_section \"  itemscope=\"itemscope\" itemtype=\"https:\/\/schema.org\/CreativeWork\" ><div class='avia_textblock  av_inherit_color '  style='color:#ffffff; '  itemprop=\"text\" ><ul>\n<li>Dependienta.<\/li>\n<li>Propietaria de tienda.<\/li>\n<li>Cajera.<\/li>\n<li>Reponedora.<\/li>\n<\/ul>\n<\/div><\/section><br \/>\n<div  style='height:10px' class='hr hr-invisible   avia-builder-el-16  el_after_av_textblock  el_before_av_heading '><span class='hr-inner ' ><span class='hr-inner-style'><\/span><\/span><\/div><br \/>\n<div  style='padding-bottom:0px; color:#ffffff;font-size:50px;' class='av-special-heading av-special-heading-h1 custom-color-heading blockquote modern-quote  avia-builder-el-17  el_after_av_hr  el_before_av_hr  av-inherit-size '><h1 class='av-special-heading-tag '  itemprop=\"headline\"  >Idiomas<\/h1><div class='special-heading-border'><div class='special-heading-inner-border' style='border-color:#ffffff'><\/div><\/div><\/div><br \/>\n<div  style=' margin-top:30px; margin-bottom:30px;'  class='hr hr-custom hr-left hr-icon-no   avia-builder-el-18  el_after_av_heading  el_before_av_one_full '><span class='hr-inner  inner-border-av-border-fat' style=' width:50px; border-color:#ffffff;' ><span class='hr-inner-style'><\/span><\/span><\/div><br \/>\n<div class=\"flex_column av_one_full  flex_column_div first  avia-builder-el-19  el_after_av_hr  avia-builder-el-last  \" style='margin-top:10px; margin-bottom:10px; background: #ffffff; border-width:5px; border-color:#109bc5; border-style:solid; padding:30px; background-color:#ffffff; border-radius:0px; '><div  class='avia-progress-bar-container  avia_animate_when_almost_visible  avia-builder-el-20  avia-builder-el-no-sibling  av-flat-bar av-animated-bar av-small-bar'><div class='avia-progress-bar theme-color-bar icon-bar-no'><div class='progressbar-title-wrap'><div class='progressbar-icon'><span class='progressbar-char' aria-hidden='true' data-av_icon='\ue800' data-av_iconfont='entypo-fontello'><\/span><\/div><div class='progressbar-title'>Italiano<\/div><\/div><div class='progressbar-percent' data-timer='2200'><span class='av-bar-counter __av-single-number' data-number='100'>0<\/span>%<\/div><div class='progress' style='height:4px;'><div class='bar-outer'><div class='bar' style='width: 100%' data-progress='100'><\/div><\/div><\/div><\/div><div class='avia-progress-bar theme-color-bar icon-bar-no'><div class='progressbar-title-wrap'><div class='progressbar-icon'><span class='progressbar-char' aria-hidden='true' data-av_icon='\ue800' data-av_iconfont='entypo-fontello'><\/span><\/div><div class='progressbar-title'>Espa\u00f1ol<\/div><\/div><div class='progressbar-percent' data-timer='2200'><span class='av-bar-counter __av-single-number' data-number='100'>0<\/span>%<\/div><div class='progress' style='height:4px;'><div class='bar-outer'><div class='bar' style='width: 100%' data-progress='100'><\/div><\/div><\/div><\/div><div class='avia-progress-bar theme-color-bar icon-bar-no'><div class='progressbar-title-wrap'><div class='progressbar-icon'><span class='progressbar-char' aria-hidden='true' data-av_icon='\ue800' data-av_iconfont='entypo-fontello'><\/span><\/div><div class='progressbar-title'>Catal\u00e1n<\/div><\/div><div class='progressbar-percent' data-timer='2200'><span class='av-bar-counter __av-single-number' data-number='50'>0<\/span>%<\/div><div class='progress' style='height:4px;'><div class='bar-outer'><div class='bar' style='width: 50%' data-progress='50'><\/div><\/div><\/div><\/div><div class='avia-progress-bar theme-color-bar icon-bar-no'><div class='progressbar-title-wrap'><div class='progressbar-icon'><span class='progressbar-char' aria-hidden='true' data-av_icon='\ue800' data-av_iconfont='entypo-fontello'><\/span><\/div><div class='progressbar-title'>Ingl\u00e9s<\/div><\/div><div class='progressbar-percent' data-timer='2200'><span class='av-bar-counter __av-single-number' data-number='40'>0<\/span>%<\/div><div class='progress' style='height:4px;'><div class='bar-outer'><div class='bar' style='width: 40%' data-progress='40'><\/div><\/div><\/div><\/div><\/div><\/div><\/p>\n<\/div><\/div><div class=\"flex_cell no_margin av_one_half  avia-builder-el-21  el_after_av_cell_one_half  avia-builder-el-last   avia-full-stretch av-hide-on-mobile  \"  style='background:url(https:\/\/enriquezarte.org\/barcelona\/wp-content\/uploads\/2021\/03\/2.jpg) center right no-repeat fixed; vertical-align:middle; padding:100px; ' ><div class='flex_cell_inner' ><\/div><\/div><\/div><div id='av-layout-grid-3'  class='av-layout-grid-container entry-content-wrapper main_color av-flex-cells     avia-builder-el-22  el_after_av_layout_row  avia-builder-el-last  submenu-not-first container_wrap fullsize' style=' '  >\n<div class=\"flex_cell no_margin av_one_half  avia-builder-el-23  el_before_av_cell_one_half  avia-builder-el-first   av-zero-padding \"  style='vertical-align:top; padding:0px; ' ><div class='flex_cell_inner' ><div  class='av_gmaps_sc_main_wrap av_gmaps_main_wrap '><div id='av_gmap_0' class='avia-google-map-container avia-google-map-sc av_gmaps_show_unconditionally av-no-fallback-img ' data-mapid='av_gmap_0'  style='padding-bottom: 133.33333333333%;'><a class=\"av_gmaps_browser_disabled av_text_confirm_link av_text_confirm_link_visible\" href=\"https:\/\/www.google.com\/maps\/search\/?api=1&#038;query=Teide%2026%2008031%20Barcelona%20%20Espa\u00f1a\" target=\"_blank\" rel=\"noopener\">Maps were disabled by the visitor on this site. Click to open the map in a new window.<\/a><\/div><\/div>\n<\/div><\/div><div class=\"flex_cell no_margin av_one_half  avia-builder-el-25  el_after_av_cell_one_half  avia-builder-el-last   \"  style='background: #109bc5; vertical-align:top; padding:100px; background-color:#109bc5; ' ><div class='flex_cell_inner' ><p><div  style='padding-bottom:0px; color:#ffffff;font-size:60px;' class='av-special-heading av-special-heading-h1 custom-color-heading blockquote modern-quote  avia-builder-el-26  el_before_av_hr  avia-builder-el-first  av-inherit-size '><h1 class='av-special-heading-tag '  itemprop=\"headline\"  >Contactos<\/h1><div class='special-heading-border'><div class='special-heading-inner-border' style='border-color:#ffffff'><\/div><\/div><\/div><br \/>\n<div  style=' margin-top:30px; margin-bottom:30px;'  class='hr hr-custom hr-left hr-icon-no   avia-builder-el-27  el_after_av_heading  el_before_av_iconlist '><span class='hr-inner  inner-border-av-border-fat' style=' width:50px; border-color:#ffffff;' ><span class='hr-inner-style'><\/span><\/span><\/div><br \/>\n<div  class='avia-icon-list-container   avia-builder-el-28  el_after_av_hr  el_before_av_contact '><ul class='avia-icon-list avia-icon-list-left av-iconlist-big avia_animate_when_almost_visible avia-iconlist-animate'>\n<li><a href='tel:+34935044899' title='+34935044899' target=\"_blank\" rel=\"noopener noreferrer\" style='background-color:#11abd6; ' class='iconlist_icon  avia-font-entypo-fontello'><span class='iconlist-char ' aria-hidden='true' data-av_icon='\ue854' data-av_iconfont='entypo-fontello'><\/span><\/a><article class=\"article-icon-entry av-iconlist-empty\"  itemscope=\"itemscope\" itemtype=\"https:\/\/schema.org\/CreativeWork\" ><div class='iconlist_content_wrap'><header class=\"entry-content-header\"><h4 class='av_iconlist_title iconlist_title  av_inherit_color '  itemprop=\"headline\"   style='color:#ffffff; '><a href='tel:+34935044899' title='+34935044899' target=\"_blank\" rel=\"noopener noreferrer\">+34935044899<\/a><\/h4><\/header><div class='iconlist_content  '  itemprop=\"text\"  ><\/div><\/div><footer class=\"entry-footer\"><\/footer><\/article><div class='iconlist-timeline'><\/div><\/li>\n<\/ul><\/div><br \/>\n<form action=\"https:\/\/enriquezarte.org\/barcelona\/maria-isabel\/\" method=\"post\"  class=\"avia_ajax_form av-form-labels-hidden   avia-builder-el-29  el_after_av_iconlist  avia-builder-el-last  av-custom-form-color av-light-form \" data-avia-form-id=\"1\" data-avia-redirect='' ><fieldset><p class='  first_form  form_element form_fullwidth' id='element_avia_1_1'><label for=\"avia_1_1\">Nombre <abbr class=\"required\" title=\"requerido\">*<\/abbr><\/label> <input name=\"avia_1_1\" class=\"text_input is_empty\" type=\"text\" id=\"avia_1_1\" value=\"\"  placeholder='Nombre*'\/><\/p><p class='  first_form  form_element form_fullwidth' id='element_avia_2_1'><label for=\"avia_2_1\">Correo electr\u00f3nico <abbr class=\"required\" title=\"requerido\">*<\/abbr><\/label> <input name=\"avia_2_1\" class=\"text_input is_email\" type=\"text\" id=\"avia_2_1\" value=\"\"  placeholder='Correo electr\u00f3nico*'\/><\/p><p class='  first_form  form_element form_fullwidth av-last-visible-form-element' id='element_avia_3_1'><label for=\"avia_3_1\" class=\"textare_label hidden textare_label_avia_3_1\">Mensaje <abbr class=\"required\" title=\"requerido\">*<\/abbr><\/label><textarea  placeholder='Mensaje*' name=\"avia_3_1\" class=\"text_area is_empty\" cols=\"40\" rows=\"7\" id=\"avia_3_1\" ><\/textarea><\/p><p class=\"hidden\"><input type=\"text\" name=\"avia_4_1\" class=\"hidden \" id=\"avia_4_1\" value=\"\" \/><\/p><p class=\"form_element \"><input type=\"hidden\" value=\"1\" name=\"avia_generated_form1\" \/><input type=\"submit\" value=\"Enviar\" class=\"button\"  data-sending-label=\"Enviando\"\/><\/p><\/fieldset><\/form><div id=\"ajaxresponse_1\" class=\"ajaxresponse ajaxresponse_1 hidden\"><\/div><\/p>\n<\/div><\/div>\n<\/div><\/p>\n","protected":false},"excerpt":{"rendered":"","protected":false},"author":1,"featured_media":682,"parent":0,"menu_order":0,"comment_status":"closed","ping_status":"closed","template":"","meta":[],"_links":{"self":[{"href":"https:\/\/enriquezarte.org\/barcelona\/wp-json\/wp\/v2\/pages\/681"}],"collection":[{"href":"https:\/\/enriquezarte.org\/barcelona\/wp-json\/wp\/v2\/pages"}],"about":[{"href":"https:\/\/enriquezarte.org\/barcelona\/wp-json\/wp\/v2\/types\/page"}],"author":[{"embeddable":true,"href":"https:\/\/enriquezarte.org\/barcelona\/wp-json\/wp\/v2\/users\/1"}],"replies":[{"embeddable":true,"href":"https:\/\/enriquezarte.org\/barcelona\/wp-json\/wp\/v2\/comments?post=681"}],"version-history":[{"count":5,"href":"https:\/\/enriquezarte.org\/barcelona\/wp-json\/wp\/v2\/pages\/681\/revisions"}],"predecessor-version":[{"id":708,"href":"https:\/\/enriquezarte.org\/barcelona\/wp-json\/wp\/v2\/pages\/681\/revisions\/708"}],"wp:featuredmedia":[{"embeddable":true,"href":"https:\/\/enriquezarte.org\/barcelona\/wp-json\/wp\/v2\/media\/682"}],"wp:attachment":[{"href":"https:\/\/enriquezarte.org\/barcelona\/wp-json\/wp\/v2\/media?parent=681"}],"curies":[{"name":"wp","href":"https:\/\/api.w.org\/{rel}","templated":true}]}}